{"id":27,"date":"2026-03-16T15:58:54","date_gmt":"2026-03-16T14:58:54","guid":{"rendered":"https:\/\/andersbond.se\/?page_id=27"},"modified":"2026-03-16T15:58:54","modified_gmt":"2026-03-16T14:58:54","slug":"funktionshinder-eller-handikapp","status":"publish","type":"page","link":"https:\/\/andersbond.se\/index.php\/funktionshinder-eller-handikapp\/","title":{"rendered":"Funktionshinder eller handikapp?"},"content":{"rendered":"<div class=\"entry-content wp-block-post-content has-global-padding is-layout-constrained wp-block-post-content-is-layout-constrained\">\n<p>N\u00e4r Socialstyrelsen \u00e5r 2007 rekommenderade att ordet funktionshinder skulle anv\u00e4ndas i st\u00e4llet f\u00f6r handikapp var motivet den r\u00e5dande begreppsf\u00f6rvirringen kring begreppen funktionsneds\u00e4ttning och funktionshinder. S\u00e5 h\u00e4r beskriver man sj\u00e4lva det hela p\u00e5 sin hemsida:<\/p>\n<p>\u201dDe tv\u00e5 begreppen har ibland anv\u00e4nts synonymt och ibland med olika betydelser. Detta medf\u00f6rde en oklarhet \u00f6ver vad som \u00e5syftades: personer med nedsatta funktionsf\u00f6rm\u00e5gor eller personer som dessutom upplever hinder i vardagen. B\u00e4gge definitionerna i termbanken kn\u00f6t dessutom an till individen, det vill s\u00e4ga en person har en funktionsneds\u00e4ttning eller har ett funktionshinder. F\u00f6r att ben\u00e4mna hinder och begr\u00e4nsningar i milj\u00f6n skulle i st\u00e4llet handikapp anv\u00e4ndas.\u201d<\/p>\n<p>Denna begreppsf\u00f6rvirring ans\u00e5g man skulle f\u00f6rsvinna efter att nedanst\u00e5ende beslut tagits:<\/p>\n<p>\u2013 Funktionshinder betraktas inte l\u00e4ngre som en synonym till funktionsneds\u00e4ttning utan betecknar ett eget begrepp.<br \/>\n\u2013 Definitionen av funktionsneds\u00e4ttning kvarst\u00e5r<br \/>\n\u2013 Handikapp tas bort som uppslagsterm och termen avr\u00e5ds som synonym till s\u00e5v\u00e4l funktionsneds\u00e4ttning som funktionshinder.<\/p>\n<p>Att man skulle motverka f\u00f6rvirring genom att ge ett av tv\u00e5 begrepp som tidigare betytt samma sak en ny betydelse \u00e4r sv\u00e5r att f\u00f6rst\u00e5. Och lika sv\u00e5rt \u00e4r det att f\u00f6rst\u00e5 varf\u00f6r man tar bort det milj\u00f6relaterade, v\u00e4letablerade begreppet handikapp f\u00f6r att ers\u00e4tta det med ett begrepp som man sj\u00e4lv anser knyter an till individen.<\/p>\n<p>Att begreppsf\u00f6rvirringen inte skull minska, utan bli st\u00f6rre genom dessa rekommendationer var en ganska s\u00e4ker prognos f\u00f6r m\u00e5nga av oss inom handikappr\u00f6relsen. Som helt klart besannats. Man fick exempelvis senast i remissarbetet inf\u00f6r den nya myndighet f\u00f6r delaktighet \u00e4gna ett helt avsnitt \u00e5t f\u00f6r att f\u00f6rklara relationen mellan funktionsneds\u00e4ttning och funktionshinder.<\/p>\n<p>Socialstyrelsen gav i sitt terminologiarbete ej n\u00e5gon saklig kritik av begreppet handikapp.<br \/>\nUppenbart \u00e4r det en hel del som undrar vad det \u00e4r f\u00f6r fel p\u00e5 begreppet och sj\u00e4lva s\u00f6kt finna en f\u00f6rklaring. P\u00e5 Hj\u00e4lpmedelsinstitutets hemsida kunde man till exempel l\u00e4sa att begreppet ans\u00e5gs st\u00f6tande p\u00e5 engelska. Sannolikt utifr\u00e5n att ordet bokstavligen \u00f6versatt betyder \u201dhand i m\u00f6ssa\u201d. Som d\u00e4rmed skulle kunna tolkas som att man st\u00e5r med m\u00f6ssan i handen i v\u00f6rdnad inf\u00f6r \u00f6verheten. Men i verkligheten finns det inte alls n\u00e5got s\u00e5dant samband. Ordet kommer fr\u00e5n en gammal sedv\u00e4nja vid ekonomiska uppg\u00f6relser.<\/p>\n<p>Att myndigheter kan ta fel beslut i bland \u00e4r naturligt och m\u00e4nskligt. Och i det h\u00e4r fallet b\u00f6r den nuvarande rekommendationen kring de aktuella begreppen snarast ompr\u00f6vas och handikappbegreppet \u00e5terinf\u00f6ras.<\/p>\n<p>De flesta av oss har s\u00e4kert upplevt att man k\u00e4nt sig handikappad i n\u00e5gon situation. Kanske n\u00e4r man inte hittar sina glas\u00f6gon, eller skall b\u00e4ra n\u00e5got n\u00e4r man gjort sig illa i tummen. Begreppet k\u00e4nns naturligt och det blir ingen principiell skillnad gentemot mer betydelsefulla problem som uttalade r\u00f6relsehinder eller starkt nedsatt syn eller h\u00f6rsel. F\u00f6r det handlar alltid om olika situationer, om milj\u00f6faktorer. Att prata om handikappande faktorer k\u00e4nns naturligt. Men funktionshindrande? Vilka funktioner?<\/p>\n<p>Men nu vill allts\u00e5 myndigheterna att vi i s\u00e5dana situationer ger oss in i den individinriktade, medicinska begreppsv\u00e4rlden. Man kan givetvis h\u00e4vda att funktionshinder betyder precis samma sak som handikapp. Men v\u00e5rt spr\u00e5k \u00e4r en gemenskap betydligt mer komplex \u00e4n att godtyckligt s\u00e4tta etiketter p\u00e5 olika f\u00f6reteelser och f\u00f6rem\u00e5l.<\/p>\n<p>Om vi vill arbeta f\u00f6r minska klyftorna i v\u00e5rt samh\u00e4lle och verka f\u00f6r \u00f6kad m\u00e5ngfald och delaktighet \u00e4r v\u00e5rt spr\u00e5kbruk ytterst avg\u00f6rande.<\/p>\n<p>Vi m\u00e5ste ha ord som f\u00f6r s\u00e5 m\u00e5nga som m\u00f6jligt s\u00e4tter fokus p\u00e5 samspelet mellan milj\u00f6 och individ.<\/p>\n<p>Handikapp \u00e4r ett s\u00e5dant och det b\u00f6r vi snarast \u00e5terta. Funktionshinder leder tankarna i den motsatta riktningen. Handikapporganisationerna skall sj\u00e4lvklart forts\u00e4tta att vara handikapporganisationer och forts\u00e4tta med sitt arbete att motverka handikappande faktorer i v\u00e5rt samh\u00e4lle.<br \/>\nEller skall vi , f\u00f6r att anv\u00e4nda den felaktiga metaforen, st\u00e5 med m\u00f6ssan i handen i v\u00f6rdnad inf\u00f6r den medicinska myndigheten och underkasta oss begrepps\u00e4ndringen?<\/p>\n<\/div>\n<div class=\"wp-block-template-part\">\n<div class=\"wp-block-spacer\" aria-hidden=\"true\"><\/div>\n<div class=\"wp-block-group has-global-padding is-layout-constrained wp-block-group-is-layout-constrained\"><\/div>\n<\/div>\n","protected":false},"excerpt":{"rendered":"<p>N\u00e4r Socialstyrelsen \u00e5r 2007 rekommenderade att ordet funktionshinder skulle anv\u00e4ndas i st\u00e4llet f\u00f6r handikapp var motivet den r\u00e5dande begreppsf\u00f6rvirringen kring begreppen funktionsneds\u00e4ttning och funktionshinder. S\u00e5 h\u00e4r beskriver man sj\u00e4lva det hela p\u00e5 sin hemsida: \u201dDe tv\u00e5 begreppen har ibland anv\u00e4nts synonymt och ibland med olika betydelser. Detta medf\u00f6rde en oklarhet \u00f6ver vad som \u00e5syftades: personer [&hellip;]<\/p>\n","protected":false},"author":1,"featured_media":0,"parent":0,"menu_order":0,"comment_status":"closed","ping_status":"closed","template":"","meta":{"inline_featured_image":false,"footnotes":""},"class_list":["post-27","page","type-page","status-publish","hentry"],"_links":{"self":[{"href":"https:\/\/andersbond.se\/index.php\/wp-json\/wp\/v2\/pages\/27","targetHints":{"allow":["GET"]}}],"collection":[{"href":"https:\/\/andersbond.se\/index.php\/wp-json\/wp\/v2\/pages"}],"about":[{"href":"https:\/\/andersbond.se\/index.php\/wp-json\/wp\/v2\/types\/page"}],"author":[{"embeddable":true,"href":"https:\/\/andersbond.se\/index.php\/wp-json\/wp\/v2\/users\/1"}],"replies":[{"embeddable":true,"href":"https:\/\/andersbond.se\/index.php\/wp-json\/wp\/v2\/comments?post=27"}],"version-history":[{"count":1,"href":"https:\/\/andersbond.se\/index.php\/wp-json\/wp\/v2\/pages\/27\/revisions"}],"predecessor-version":[{"id":28,"href":"https:\/\/andersbond.se\/index.php\/wp-json\/wp\/v2\/pages\/27\/revisions\/28"}],"wp:attachment":[{"href":"https:\/\/andersbond.se\/index.php\/wp-json\/wp\/v2\/media?parent=27"}],"curies":[{"name":"wp","href":"https:\/\/api.w.org\/{rel}","templated":true}]}}